{"id":901,"date":"2026-01-16T01:43:43","date_gmt":"2026-01-16T01:43:43","guid":{"rendered":"https:\/\/hereditaslegal.eu\/especialitzacio\/marmessors-i-comptadors\/"},"modified":"2026-02-21T15:41:50","modified_gmt":"2026-02-21T15:41:50","slug":"marmessors-i-comptadors","status":"publish","type":"page","link":"https:\/\/hereditaslegal.eu\/ca\/especialitzacio\/marmessors-i-comptadors\/","title":{"rendered":"Marmessors i comptadors"},"content":{"rendered":"\t\t<div data-elementor-type=\"wp-page\" data-elementor-id=\"901\" class=\"elementor elementor-901 elementor-514\" data-elementor-post-type=\"page\">\n\t\t\t\t<div class=\"elementor-element elementor-element-457f15e e-flex e-con-boxed e-con e-parent\" data-id=\"457f15e\" data-element_type=\"container\" data-e-type=\"container\">\n\t\t\t\t\t<div class=\"e-con-inner\">\n\t\t\t\t<div class=\"elementor-element elementor-element-7870382 elementor-widget elementor-widget-button\" data-id=\"7870382\" data-element_type=\"widget\" data-e-type=\"widget\" data-widget_type=\"button.default\">\n\t\t\t\t\t\t\t\t\t\t<a class=\"elementor-button elementor-button-link elementor-size-sm\" href=\"#\">\n\t\t\t\t\t\t<span class=\"elementor-button-content-wrapper\">\n\t\t\t\t\t\t<span class=\"elementor-button-icon\">\n\t\t\t\t<svg aria-hidden=\"true\" class=\"e-font-icon-svg e-fas-arrow-left\" viewBox=\"0 0 448 512\" xmlns=\"http:\/\/www.w3.org\/2000\/svg\"><path d=\"M257.5 445.1l-22.2 22.2c-9.4 9.4-24.6 9.4-33.9 0L7 273c-9.4-9.4-9.4-24.6 0-33.9L201.4 44.7c9.4-9.4 24.6-9.4 33.9 0l22.2 22.2c9.5 9.5 9.3 25-.4 34.3L136.6 216H424c13.3 0 24 10.7 24 24v32c0 13.3-10.7 24-24 24H136.6l120.5 114.8c9.8 9.3 10 24.8.4 34.3z\"><\/path><\/svg>\t\t\t<\/span>\n\t\t\t\t\t\t\t\t\t<span class=\"elementor-button-text\">Tornar a les \u00e0rees d'especialitzaci\u00f3<\/span>\n\t\t\t\t\t<\/span>\n\t\t\t\t\t<\/a>\n\t\t\t\t\t\t\t\t<\/div>\n\t\t\t\t\t<\/div>\n\t\t\t\t<\/div>\n\t\t<div class=\"elementor-element elementor-element-02887fa e-flex e-con-boxed e-con e-child\" data-id=\"02887fa\" data-element_type=\"container\" data-e-type=\"container\">\n\t\t\t\t\t<div class=\"e-con-inner\">\n\t\t\t\t<div class=\"elementor-element elementor-element-9e8491f elementor-widget__width-initial elementor-widget-divider--view-line elementor-widget elementor-widget-divider\" data-id=\"9e8491f\" data-element_type=\"widget\" data-e-type=\"widget\" data-widget_type=\"divider.default\">\n\t\t\t\t\t\t\t<div class=\"elementor-divider\">\n\t\t\t<span class=\"elementor-divider-separator\">\n\t\t\t\t\t\t<\/span>\n\t\t<\/div>\n\t\t\t\t\t\t<\/div>\n\t\t\t\t<div class=\"elementor-element elementor-element-a8b4b06 elementor-widget elementor-widget-heading\" data-id=\"a8b4b06\" data-element_type=\"widget\" data-e-type=\"widget\" data-widget_type=\"heading.default\">\n\t\t\t\t\t<h2 class=\"elementor-heading-title elementor-size-default\">Her\u00e8ncies<\/h2>\t\t\t\t<\/div>\n\t\t\t\t\t<\/div>\n\t\t\t\t<\/div>\n\t\t<div class=\"elementor-element elementor-element-92f3d75 e-flex e-con-boxed e-con e-child\" data-id=\"92f3d75\" data-element_type=\"container\" data-e-type=\"container\">\n\t\t\t\t\t<div class=\"e-con-inner\">\n\t\t\t\t<div class=\"elementor-element elementor-element-4ae47fd elementor-widget__width-initial elementor-widget elementor-widget-heading\" data-id=\"4ae47fd\" data-element_type=\"widget\" data-e-type=\"widget\" data-widget_type=\"heading.default\">\n\t\t\t\t\t<h2 class=\"elementor-heading-title elementor-size-default\">Marmessors i comptadors<\/h2>\t\t\t\t<\/div>\n\t\t\t\t\t<\/div>\n\t\t\t\t<\/div>\n\t\t<div class=\"elementor-element elementor-element-87a66f6 e-flex e-con-boxed e-con e-parent\" data-id=\"87a66f6\" data-element_type=\"container\" data-e-type=\"container\">\n\t\t\t\t\t<div class=\"e-con-inner\">\n\t\t<div class=\"elementor-element elementor-element-cd143fd e-con-full e-flex e-con e-child\" data-id=\"cd143fd\" data-element_type=\"container\" data-e-type=\"container\">\n\t\t\t\t<div class=\"elementor-element elementor-element-0b76add elementor-widget__width-initial elementor-widget elementor-widget-text-editor\" data-id=\"0b76add\" data-element_type=\"widget\" data-e-type=\"widget\" data-widget_type=\"text-editor.default\">\n\t\t\t\t\t\t\t\t\t<p class=\"isselectedend\"><span lang=\"ES\">Oferim la nostra experi\u00e8ncia com a marmessors i comptadors d&#8217;her\u00e8ncies. S\u00f3n institucions hered\u00e0ries auxiliars molt \u00fatils quan el testador necessita alg\u00fa de confian\u00e7a despr\u00e9s de la seva mort per fer les particions i evitar conflictes judicials entre els hereus.<\/span><\/p><p class=\"isselectedend\"><span lang=\"ES\">D&#8217;aquesta manera, s&#8217;assegura al testador que es respectar\u00e0 la seva voluntat i s&#8217;evitaran els conflictes entre hereus<\/span><\/p><p class=\"isselectedend\">La intervenci\u00f3 d&#8217;un professional extern no nom\u00e9s aporta rigor t\u00e8cnic, sin\u00f3 que tamb\u00e9 actua com a <b>filtre de neutralitat<\/b> necessari en moments de dolor.<\/p>\t\t\t\t\t\t\t\t<\/div>\n\t\t\t\t<div class=\"elementor-element elementor-element-ffda4d2 elementor-widget elementor-widget-heading\" data-id=\"ffda4d2\" data-element_type=\"widget\" data-e-type=\"widget\" data-widget_type=\"heading.default\">\n\t\t\t\t\t<h2 class=\"elementor-heading-title elementor-size-default\">1. Marmessor: El Guardi\u00e0 de la Voluntat<\/h2>\t\t\t\t<\/div>\n\t\t\t\t<div class=\"elementor-element elementor-element-051380b elementor-widget elementor-widget-text-editor\" data-id=\"051380b\" data-element_type=\"widget\" data-e-type=\"widget\" data-widget_type=\"text-editor.default\">\n\t\t\t\t\t\t\t\t\t<p class=\"isselectedend\">El marmessor \u00e9s la persona de confian\u00e7a encarregada de dur a terme les disposicions testament\u00e0ries. Les seves funcions principals inclouen:<\/p><ul type=\"disc\"><li class=\"isselectedend\"><b>Cust\u00f2dia dels b\u00e9ns:<\/b> Vetlar per la seguretat de la massa heredit\u00e0ria<\/li><li class=\"isselectedend\"><b>Execuci\u00f3 del testament:<\/b> Asegurar que cada legado llegue a su destino seg\u00fan lo previsto.<\/li><li class=\"isselectedend\"><b>Sufragi i funeral:<\/b> Organitzar els actes ordenats pel testador<\/li><\/ul>\t\t\t\t\t\t\t\t<\/div>\n\t\t\t\t<div class=\"elementor-element elementor-element-0a95163 elementor-widget elementor-widget-heading\" data-id=\"0a95163\" data-element_type=\"widget\" data-e-type=\"widget\" data-widget_type=\"heading.default\">\n\t\t\t\t\t<h2 class=\"elementor-heading-title elementor-size-default\">Sufragi i funeral: Organitzar els actes disposats pel testador.<\/h2>\t\t\t\t<\/div>\n\t\t\t\t<div class=\"elementor-element elementor-element-8d9d263 elementor-widget elementor-widget-text-editor\" data-id=\"8d9d263\" data-element_type=\"widget\" data-e-type=\"widget\" data-widget_type=\"text-editor.default\">\n\t\t\t\t\t\t\t\t\t<p class=\"isselectedend\">A difer\u00e8ncia de l&#8217;executor, el comptador-partidor t\u00e9 una funci\u00f3 estrictament t\u00e8cnica i decisiva:<\/p><ul type=\"disc\"><li class=\"isselectedend\"><b>Inventari i valoraci\u00f3:<\/b> Determinar objectivament el valor dels actius.<\/li><li class=\"isselectedend\"><b>Liquidaci\u00f3 de beneficis:<\/b> Separar els b\u00e9ns del c\u00f2njuge vidu si cal.<\/li><li class=\"isselectedend\"><b>Adjudicaci\u00f3:<\/b> Realitzar el repartiment de b\u00e9ns entre els hereus, evitant que hagin d&#8217;arribar a un acord un\u00e0nime (que sol ser l&#8217;origen dels conflictes).<\/li><\/ul>\t\t\t\t\t\t\t\t<\/div>\n\t\t\t\t<\/div>\n\t\t\t\t\t<\/div>\n\t\t\t\t<\/div>\n\t\t<div class=\"elementor-element elementor-element-b63cc49 e-flex e-con-boxed e-con e-parent\" data-id=\"b63cc49\" data-element_type=\"container\" data-e-type=\"container\" data-settings=\"{&quot;background_background&quot;:&quot;classic&quot;}\">\n\t\t\t\t\t<div class=\"e-con-inner\">\n\t\t<div class=\"elementor-element elementor-element-c9467d7 e-con-full e-flex e-con e-child\" data-id=\"c9467d7\" data-element_type=\"container\" data-e-type=\"container\">\n\t\t\t\t<div class=\"elementor-element elementor-element-65877a1 elementor-widget elementor-widget-heading\" data-id=\"65877a1\" data-element_type=\"widget\" data-e-type=\"widget\" data-widget_type=\"heading.default\">\n\t\t\t\t\t<h2 class=\"elementor-heading-title elementor-size-default\">\u00c0rees relacionades<\/h2>\t\t\t\t<\/div>\n\t\t\t\t<\/div>\n\t\t<div class=\"elementor-element elementor-element-5cea6e6 e-con-full e-flex e-con e-child\" data-id=\"5cea6e6\" data-element_type=\"container\" data-e-type=\"container\">\n\t\t\t\t<div class=\"elementor-element elementor-element-997dd1e elementor-widget elementor-widget-button\" data-id=\"997dd1e\" data-element_type=\"widget\" data-e-type=\"widget\" data-widget_type=\"button.default\">\n\t\t\t\t\t\t\t\t\t\t<a class=\"elementor-button elementor-button-link elementor-size-sm\" href=\"\/testamentos\">\n\t\t\t\t\t\t<span class=\"elementor-button-content-wrapper\">\n\t\t\t\t\t\t\t\t\t<span class=\"elementor-button-text\">Testaments<\/span>\n\t\t\t\t\t<\/span>\n\t\t\t\t\t<\/a>\n\t\t\t\t\t\t\t\t<\/div>\n\t\t\t\t<div class=\"elementor-element elementor-element-423058a elementor-widget elementor-widget-button\" data-id=\"423058a\" data-element_type=\"widget\" data-e-type=\"widget\" data-widget_type=\"button.default\">\n\t\t\t\t\t\t\t\t\t\t<a class=\"elementor-button elementor-button-link elementor-size-sm\" href=\"\/sucesiones-internacionales\">\n\t\t\t\t\t\t<span class=\"elementor-button-content-wrapper\">\n\t\t\t\t\t\t\t\t\t<span class=\"elementor-button-text\">Successions internacionals<\/span>\n\t\t\t\t\t<\/span>\n\t\t\t\t\t<\/a>\n\t\t\t\t\t\t\t\t<\/div>\n\t\t\t\t<\/div>\n\t\t\t\t\t<\/div>\n\t\t\t\t<\/div>\n\t\t<div class=\"elementor-element elementor-element-b4a15fc e-con-full e-flex e-con e-parent\" data-id=\"b4a15fc\" data-element_type=\"container\" data-e-type=\"container\">\n\t\t\t\t<div class=\"elementor-element elementor-element-88b63f0 elementor-widget elementor-widget-template\" data-id=\"88b63f0\" data-element_type=\"widget\" data-e-type=\"widget\" data-widget_type=\"template.default\">\n\t\t\t\t<div class=\"elementor-widget-container\">\n\t\t\t\t\t\t\t<div class=\"elementor-template\">\n\t\t\t\t\t<div data-elementor-type=\"container\" data-elementor-id=\"1216\" class=\"elementor elementor-1216 elementor-564 elementor-564\" data-elementor-post-type=\"elementor_library\">\n\t\t\t\t<div class=\"elementor-element elementor-element-bfa0a00 e-flex e-con-boxed e-con e-parent\" data-id=\"bfa0a00\" data-element_type=\"container\" data-e-type=\"container\">\n\t\t\t\t\t<div class=\"e-con-inner\">\n\t\t\t\t<div class=\"elementor-element elementor-element-5002b7a3 elementor-widget__width-initial elementor-widget elementor-widget-heading\" data-id=\"5002b7a3\" data-element_type=\"widget\" data-e-type=\"widget\" data-widget_type=\"heading.default\">\n\t\t\t\t\t<h2 class=\"elementor-heading-title elementor-size-default\">Necessita assessorament en aquesta \u00e0rea?<\/h2>\t\t\t\t<\/div>\n\t\t\t\t<div class=\"elementor-element elementor-element-786ab8b7 elementor-widget__width-initial elementor-widget elementor-widget-text-editor\" data-id=\"786ab8b7\" data-element_type=\"widget\" data-e-type=\"widget\" data-widget_type=\"text-editor.default\">\n\t\t\t\t\t\t\t\t\t<p>Contacti amb el nostre equip per a analitzar la seva situaci\u00f3 particular.<\/p>\t\t\t\t\t\t\t\t<\/div>\n\t\t\t\t<div class=\"elementor-element elementor-element-5be6ee99 elementor-widget elementor-widget-button\" data-id=\"5be6ee99\" data-element_type=\"widget\" data-e-type=\"widget\" data-widget_type=\"button.default\">\n\t\t\t\t\t\t\t\t\t\t<a class=\"elementor-button elementor-button-link elementor-size-sm\" href=\"https:\/\/hereditaslegal.eu\/ca\/contacte\/\">\n\t\t\t\t\t\t<span class=\"elementor-button-content-wrapper\">\n\t\t\t\t\t\t<span class=\"elementor-button-icon\">\n\t\t\t\t<svg aria-hidden=\"true\" class=\"e-font-icon-svg e-fas-arrow-right\" viewBox=\"0 0 448 512\" xmlns=\"http:\/\/www.w3.org\/2000\/svg\"><path d=\"M190.5 66.9l22.2-22.2c9.4-9.4 24.6-9.4 33.9 0L441 239c9.4 9.4 9.4 24.6 0 33.9L246.6 467.3c-9.4 9.4-24.6 9.4-33.9 0l-22.2-22.2c-9.5-9.5-9.3-25 .4-34.3L311.4 296H24c-13.3 0-24-10.7-24-24v-32c0-13.3 10.7-24 24-24h287.4L190.9 101.2c-9.8-9.3-10-24.8-.4-34.3z\"><\/path><\/svg>\t\t\t<\/span>\n\t\t\t\t\t\t\t\t\t<span class=\"elementor-button-text\">Demana assessorament<\/span>\n\t\t\t\t\t<\/span>\n\t\t\t\t\t<\/a>\n\t\t\t\t\t\t\t\t<\/div>\n\t\t\t\t\t<\/div>\n\t\t\t\t<\/div>\n\t\t\t\t<\/div>\n\t\t\t\t<\/div>\n\t\t\t\t\t\t<\/div>\n\t\t\t\t<\/div>\n\t\t\t\t<\/div>\n\t\t\t\t<\/div>\n\t\t","protected":false},"excerpt":{"rendered":"<p>Tornar a les \u00e0rees d&#8217;especialitzaci\u00f3 Her\u00e8ncies Oferim la nostra experi\u00e8ncia com a marmessors i comptadors d&#8217;her\u00e8ncies. S\u00f3n institucions hered\u00e0ries auxiliars molt \u00fatils quan el testador necessita alg\u00fa de confian\u00e7a despr\u00e9s de la seva mort per fer les particions i evitar conflictes judicials entre els hereus. D&#8217;aquesta manera, s&#8217;assegura al testador que es respectar\u00e0 la seva [&hellip;]<\/p>\n","protected":false},"author":1,"featured_media":0,"parent":886,"menu_order":0,"comment_status":"closed","ping_status":"closed","template":"elementor_header_footer","meta":{"footnotes":""},"class_list":["post-901","page","type-page","status-publish","hentry"],"_links":{"self":[{"href":"https:\/\/hereditaslegal.eu\/ca\/wp-json\/wp\/v2\/pages\/901","targetHints":{"allow":["GET"]}}],"collection":[{"href":"https:\/\/hereditaslegal.eu\/ca\/wp-json\/wp\/v2\/pages"}],"about":[{"href":"https:\/\/hereditaslegal.eu\/ca\/wp-json\/wp\/v2\/types\/page"}],"author":[{"embeddable":true,"href":"https:\/\/hereditaslegal.eu\/ca\/wp-json\/wp\/v2\/users\/1"}],"replies":[{"embeddable":true,"href":"https:\/\/hereditaslegal.eu\/ca\/wp-json\/wp\/v2\/comments?post=901"}],"version-history":[{"count":13,"href":"https:\/\/hereditaslegal.eu\/ca\/wp-json\/wp\/v2\/pages\/901\/revisions"}],"predecessor-version":[{"id":1081,"href":"https:\/\/hereditaslegal.eu\/ca\/wp-json\/wp\/v2\/pages\/901\/revisions\/1081"}],"up":[{"embeddable":true,"href":"https:\/\/hereditaslegal.eu\/ca\/wp-json\/wp\/v2\/pages\/886"}],"wp:attachment":[{"href":"https:\/\/hereditaslegal.eu\/ca\/wp-json\/wp\/v2\/media?parent=901"}],"curies":[{"name":"wp","href":"https:\/\/api.w.org\/{rel}","templated":true}]}}