{"id":987,"date":"2026-01-05T23:42:41","date_gmt":"2026-01-05T23:42:41","guid":{"rendered":"https:\/\/hereditaslegal.eu\/politica-de-privacidad-y-cookies\/"},"modified":"2026-02-20T11:51:48","modified_gmt":"2026-02-20T11:51:48","slug":"politica-de-privacidad-y-cookies","status":"publish","type":"page","link":"https:\/\/hereditaslegal.eu\/ca\/politica-de-privacidad-y-cookies\/","title":{"rendered":"Pol\u00edtica de Privacidad y Cookies"},"content":{"rendered":"\t\t<div data-elementor-type=\"wp-page\" data-elementor-id=\"987\" class=\"elementor elementor-987 elementor-51\" data-elementor-post-type=\"page\">\n\t\t\t\t<div class=\"elementor-element elementor-element-8847868 e-flex e-con-boxed e-con e-parent\" data-id=\"8847868\" data-element_type=\"container\" data-e-type=\"container\">\n\t\t\t\t\t<div class=\"e-con-inner\">\n\t\t\t\t<div class=\"elementor-element elementor-element-0f1815c elementor-widget elementor-widget-heading\" data-id=\"0f1815c\" data-element_type=\"widget\" data-e-type=\"widget\" data-widget_type=\"heading.default\">\n\t\t\t\t\t<h2 class=\"elementor-heading-title elementor-size-default\">Pol\u00edtica de Privacidad y Cookies<\/h2>\t\t\t\t<\/div>\n\t\t\t\t\t<\/div>\n\t\t\t\t<\/div>\n\t\t<div class=\"elementor-element elementor-element-60cbc834 e-flex e-con-boxed e-con e-parent\" data-id=\"60cbc834\" data-element_type=\"container\" data-e-type=\"container\">\n\t\t\t\t\t<div class=\"e-con-inner\">\n\t\t\t\t<div class=\"elementor-element elementor-element-50c708f5 elementor-widget elementor-widget-text-editor\" data-id=\"50c708f5\" data-element_type=\"widget\" data-e-type=\"widget\" data-widget_type=\"text-editor.default\">\n\t\t\t\t\t\t\t\t\t\n<p data-start=\"421\" data-end=\"752\">De conformidad con lo dispuesto en el Reglamento (UE) 2016\/679 del Parlamento Europeo y del Consejo (RGPD), as\u00ed como en la Ley Org\u00e1nica 3\/2018, de Protecci\u00f3n de Datos Personales y garant\u00eda de los derechos digitales (LOPDGDD), se informa a los usuarios del sitio web sobre el tratamiento de sus datos personales y el uso de cookies.<\/p>\n<hr data-start=\"754\" data-end=\"757\">\n<h2 data-start=\"759\" data-end=\"792\"> <\/h2>\n<h2 data-start=\"759\" data-end=\"792\">1. Responsable del tratamiento<\/h2>\n<p data-start=\"794\" data-end=\"1045\"><strong data-start=\"794\" data-end=\"810\">Responsable:<\/strong> Hereditas Legal<br data-start=\"826\" data-end=\"829\"><strong data-start=\"829\" data-end=\"853\">Denominaci\u00f3n social:<\/strong> Hereditas Legal<br data-start=\"869\" data-end=\"872\"><strong data-start=\"872\" data-end=\"884\">NIF\/CIF:<\/strong> [NIF de Hereditas Legal]<br data-start=\"909\" data-end=\"912\"><strong data-start=\"912\" data-end=\"933\">Domicilio social:<\/strong> [Direcci\u00f3n completa]<br data-start=\"954\" data-end=\"957\"><strong data-start=\"957\" data-end=\"970\">Tel\u00e9fono:<\/strong> Tel\u00e9fono Hereditas Legal<br data-start=\"995\" data-end=\"998\"><strong data-start=\"998\" data-end=\"1021\">Correo electr\u00f3nico:<\/strong> Email Hereditas Legal<\/p>\n<hr data-start=\"1047\" data-end=\"1050\">\n<h2 data-start=\"1052\" data-end=\"1089\"> <\/h2>\n<h2 data-start=\"1052\" data-end=\"1089\">2. Datos personales que se recogen<\/h2>\n<p data-start=\"1091\" data-end=\"1185\">Hereditas Legal puede recoger y tratar los siguientes datos personales a trav\u00e9s del sitio web:<\/p>\n<ul data-start=\"1187\" data-end=\"1409\">\n<li data-start=\"1187\" data-end=\"1231\">\n<p data-start=\"1189\" data-end=\"1231\">Datos identificativos (nombre y apellidos)<\/p>\n<\/li>\n<li data-start=\"1232\" data-end=\"1282\">\n<p data-start=\"1234\" data-end=\"1282\">Datos de contacto (correo electr\u00f3nico, tel\u00e9fono)<\/p>\n<\/li>\n<li data-start=\"1283\" data-end=\"1409\">\n<p data-start=\"1285\" data-end=\"1409\">Cualquier otro dato que el usuario facilite voluntariamente a trav\u00e9s de los formularios de contacto o por correo electr\u00f3nico<\/p>\n<\/li>\n<\/ul>\n<hr data-start=\"1411\" data-end=\"1414\">\n<h2 data-start=\"1416\" data-end=\"1447\"> <\/h2>\n<h2 data-start=\"1416\" data-end=\"1447\">3. Finalidad del tratamiento<\/h2>\n<p data-start=\"1449\" data-end=\"1543\">Los datos personales facilitados por el usuario ser\u00e1n tratados con las siguientes finalidades:<\/p>\n<ul data-start=\"1545\" data-end=\"1796\">\n<li data-start=\"1545\" data-end=\"1627\">\n<p data-start=\"1547\" data-end=\"1627\">Atender consultas o solicitudes de informaci\u00f3n realizadas a trav\u00e9s del sitio web<\/p>\n<\/li>\n<li data-start=\"1628\" data-end=\"1743\">\n<p data-start=\"1630\" data-end=\"1743\">Gestionar comunicaciones profesionales o comerciales relacionadas con los servicios ofrecidos por Hereditas Legal<\/p>\n<\/li>\n<li data-start=\"1744\" data-end=\"1796\">\n<p data-start=\"1746\" data-end=\"1796\">Dar cumplimiento a obligaciones legales aplicables<\/p>\n<\/li>\n<\/ul>\n<p data-start=\"1798\" data-end=\"1896\">Los datos no se utilizar\u00e1n para finalidades distintas sin el consentimiento previo del interesado.<\/p>\n<hr data-start=\"1898\" data-end=\"1901\">\n<h2 data-start=\"1903\" data-end=\"1935\"> <\/h2>\n<h2 data-start=\"1903\" data-end=\"1935\">4. Base legal del tratamiento<\/h2>\n<p data-start=\"1937\" data-end=\"1998\">La base legal para el tratamiento de los datos personales es:<\/p>\n<ul data-start=\"2000\" data-end=\"2188\">\n<li data-start=\"2000\" data-end=\"2070\">\n<p data-start=\"2002\" data-end=\"2070\">El consentimiento del usuario al facilitar voluntariamente sus datos<\/p>\n<\/li>\n<li data-start=\"2071\" data-end=\"2146\">\n<p data-start=\"2073\" data-end=\"2146\">La aplicaci\u00f3n de medidas precontractuales o contractuales, cuando proceda<\/p>\n<\/li>\n<li data-start=\"2147\" data-end=\"2188\">\n<p data-start=\"2149\" data-end=\"2188\">El cumplimiento de obligaciones legales<\/p>\n<\/li>\n<\/ul>\n<hr data-start=\"2190\" data-end=\"2193\">\n<h2 data-start=\"2195\" data-end=\"2226\"> <\/h2>\n<h2 data-start=\"2195\" data-end=\"2226\">5. Conservaci\u00f3n de los datos<\/h2>\n<p data-start=\"2228\" data-end=\"2405\">Los datos personales se conservar\u00e1n durante el tiempo necesario para cumplir con la finalidad para la que fueron recabados y, en su caso, durante los plazos legalmente exigidos.<\/p>\n<hr data-start=\"2407\" data-end=\"2410\">\n<h2 data-start=\"2412\" data-end=\"2444\"> <\/h2>\n<h2 data-start=\"2412\" data-end=\"2444\">6. Destinatarios de los datos<\/h2>\n<p data-start=\"2446\" data-end=\"2583\">Los datos personales no ser\u00e1n cedidos a terceros, salvo obligaci\u00f3n legal o cuando sea necesario para la correcta prestaci\u00f3n del servicio.<\/p>\n<p data-start=\"2585\" data-end=\"2854\">No se realizar\u00e1n transferencias internacionales de datos, salvo obligaci\u00f3n legal o en el caso de servicios tecnol\u00f3gicos que utilicen servidores ubicados fuera del Espacio Econ\u00f3mico Europeo, en cuyo caso se garantizar\u00e1 el cumplimiento de las garant\u00edas legales adecuadas.<\/p>\n<hr data-start=\"2856\" data-end=\"2859\">\n<h2 data-start=\"2861\" data-end=\"2887\"> <\/h2>\n<h2 data-start=\"2861\" data-end=\"2887\">7. Derechos del usuario<\/h2>\n<p data-start=\"2889\" data-end=\"2959\">El usuario puede ejercer en cualquier momento los siguientes derechos:<\/p>\n<ul data-start=\"2961\" data-end=\"3132\">\n<li data-start=\"2961\" data-end=\"2980\">\n<p data-start=\"2963\" data-end=\"2980\">Derecho de acceso<\/p>\n<\/li>\n<li data-start=\"2981\" data-end=\"3007\">\n<p data-start=\"2983\" data-end=\"3007\">Derecho de rectificaci\u00f3n<\/p>\n<\/li>\n<li data-start=\"3008\" data-end=\"3030\">\n<p data-start=\"3010\" data-end=\"3030\">Derecho de supresi\u00f3n<\/p>\n<\/li>\n<li data-start=\"3031\" data-end=\"3053\">\n<p data-start=\"3033\" data-end=\"3053\">Derecho de oposici\u00f3n<\/p>\n<\/li>\n<li data-start=\"3054\" data-end=\"3093\">\n<p data-start=\"3056\" data-end=\"3093\">Derecho de limitaci\u00f3n del tratamiento<\/p>\n<\/li>\n<li data-start=\"3094\" data-end=\"3132\">\n<p data-start=\"3096\" data-end=\"3132\">Derecho de portabilidad de los datos<\/p>\n<\/li>\n<\/ul>\n<p data-start=\"3134\" data-end=\"3267\">Para el ejercicio de estos derechos, el usuario deber\u00e1 enviar una solicitud expresa, junto con copia de su documento de identidad, a:<\/p>\n<p data-start=\"3269\" data-end=\"3297\">\ud83d\udce7 <strong data-start=\"3272\" data-end=\"3297\">Email Hereditas Legal<\/strong><\/p>\n<p data-start=\"3299\" data-end=\"3505\">Asimismo, el usuario tiene derecho a presentar una reclamaci\u00f3n ante la Agencia Espa\u00f1ola de Protecci\u00f3n de Datos (<a class=\"decorated-link\" href=\"http:\/\/www.aepd.es\" target=\"_new\" rel=\"noopener\" data-start=\"3411\" data-end=\"3422\">www.aepd.es<\/a>) si considera que el tratamiento de sus datos no se ajusta a la normativa vigente.<\/p>\n<hr data-start=\"3507\" data-end=\"3510\">\n<h2 data-start=\"3512\" data-end=\"3538\"> <\/h2>\n<h2 data-start=\"3512\" data-end=\"3538\">8. Medidas de seguridad<\/h2>\n<p data-start=\"3540\" data-end=\"3764\">Hereditas Legal adopta las medidas t\u00e9cnicas y organizativas necesarias para garantizar la seguridad, integridad y confidencialidad de los datos personales, evitando su alteraci\u00f3n, p\u00e9rdida, tratamiento o acceso no autorizado.<\/p>\n<hr data-start=\"3766\" data-end=\"3769\">\n<h2 data-start=\"3771\" data-end=\"3791\"> <\/h2>\n<h2 data-start=\"3771\" data-end=\"3791\">9. Uso de cookies<\/h2>\n<p data-start=\"3793\" data-end=\"3949\">Este sitio web utiliza cookies propias y\/o de terceros con la finalidad de mejorar la experiencia de navegaci\u00f3n del usuario y analizar el uso del sitio web.<\/p>\n<p data-start=\"3951\" data-end=\"4070\">Las cookies son peque\u00f1os archivos que se descargan en el dispositivo del usuario al acceder a determinadas p\u00e1ginas web.<\/p>\n<hr data-start=\"4072\" data-end=\"4075\">\n<h2 data-start=\"4077\" data-end=\"4111\"> <\/h2>\n<h2 data-start=\"4077\" data-end=\"4111\">10. Tipos de cookies utilizadas<\/h2>\n<p data-start=\"4113\" data-end=\"4175\">Este sitio web puede utilizar los siguientes tipos de cookies:<\/p>\n<ul data-start=\"4177\" data-end=\"4489\">\n<li data-start=\"4177\" data-end=\"4257\">\n<p data-start=\"4179\" data-end=\"4257\"><strong data-start=\"4179\" data-end=\"4200\">Cookies t\u00e9cnicas:<\/strong> necesarias para el correcto funcionamiento del sitio web<\/p>\n<\/li>\n<li data-start=\"4258\" data-end=\"4412\">\n<p data-start=\"4260\" data-end=\"4412\"><strong data-start=\"4260\" data-end=\"4284\">Cookies de an\u00e1lisis:<\/strong> permiten analizar el comportamiento de los usuarios en el sitio web (por ejemplo, Google Analytics u otros servicios similares)<\/p>\n<\/li>\n<li data-start=\"4413\" data-end=\"4489\">\n<p data-start=\"4415\" data-end=\"4489\"><strong data-start=\"4415\" data-end=\"4446\">Cookies de personalizaci\u00f3n:<\/strong> permiten recordar preferencias del usuario<\/p>\n<\/li>\n<\/ul>\n<hr data-start=\"4491\" data-end=\"4494\">\n<h2 data-start=\"4496\" data-end=\"4521\"> <\/h2>\n<h2 data-start=\"4496\" data-end=\"4521\">11. Gesti\u00f3n de cookies<\/h2>\n<p data-start=\"4523\" data-end=\"4677\">El usuario puede permitir, bloquear o eliminar las cookies instaladas en su dispositivo mediante la configuraci\u00f3n de las opciones del navegador utilizado.<\/p>\n<p data-start=\"4679\" data-end=\"4762\">La desactivaci\u00f3n de cookies puede afectar al correcto funcionamiento del sitio web.<\/p>\n<hr data-start=\"4764\" data-end=\"4767\">\n<h2 data-start=\"4769\" data-end=\"4825\"> <\/h2>\n<h2 data-start=\"4769\" data-end=\"4825\">12. Aceptaci\u00f3n de la pol\u00edtica de privacidad y cookies<\/h2>\n<p data-start=\"4827\" data-end=\"4928\">La navegaci\u00f3n por el sitio web implica la aceptaci\u00f3n de la presente Pol\u00edtica de Privacidad y Cookies.<\/p>\n<p data-start=\"4930\" data-end=\"5114\">Hereditas Legal se reserva el derecho a modificar la presente pol\u00edtica para adaptarla a novedades legislativas o jurisprudenciales. Las modificaciones ser\u00e1n publicadas en el sitio web. <\/p>\t\t\t\t\t\t\t\t<\/div>\n\t\t\t\t\t<\/div>\n\t\t\t\t<\/div>\n\t\t\t\t<\/div>\n\t\t","protected":false},"excerpt":{"rendered":"<p>De conformidad con lo dispuesto en el Reglamento (UE) 2016\/679 del Parlamento Europeo y del Consejo (RGPD), as\u00ed como en la Ley Org\u00e1nica 3\/2018, de Protecci\u00f3n de Datos Personales y garant\u00eda de los derechos digitales (LOPDGDD), se informa a los usuarios del sitio web sobre el tratamiento de sus datos personales y el uso de [&hellip;]<\/p>\n","protected":false},"author":1,"featured_media":0,"parent":0,"menu_order":0,"comment_status":"closed","ping_status":"closed","template":"elementor_header_footer","meta":{"footnotes":""},"class_list":["post-987","page","type-page","status-publish","hentry"],"_links":{"self":[{"href":"https:\/\/hereditaslegal.eu\/ca\/wp-json\/wp\/v2\/pages\/987","targetHints":{"allow":["GET"]}}],"collection":[{"href":"https:\/\/hereditaslegal.eu\/ca\/wp-json\/wp\/v2\/pages"}],"about":[{"href":"https:\/\/hereditaslegal.eu\/ca\/wp-json\/wp\/v2\/types\/page"}],"author":[{"embeddable":true,"href":"https:\/\/hereditaslegal.eu\/ca\/wp-json\/wp\/v2\/users\/1"}],"replies":[{"embeddable":true,"href":"https:\/\/hereditaslegal.eu\/ca\/wp-json\/wp\/v2\/comments?post=987"}],"version-history":[{"count":5,"href":"https:\/\/hereditaslegal.eu\/ca\/wp-json\/wp\/v2\/pages\/987\/revisions"}],"predecessor-version":[{"id":993,"href":"https:\/\/hereditaslegal.eu\/ca\/wp-json\/wp\/v2\/pages\/987\/revisions\/993"}],"wp:attachment":[{"href":"https:\/\/hereditaslegal.eu\/ca\/wp-json\/wp\/v2\/media?parent=987"}],"curies":[{"name":"wp","href":"https:\/\/api.w.org\/{rel}","templated":true}]}}